{"id":21,"date":"2024-06-06T18:04:42","date_gmt":"2024-06-06T18:04:42","guid":{"rendered":"https:\/\/stgchonquer.wpenginepowered.com\/?page_id=21"},"modified":"2026-04-23T08:22:16","modified_gmt":"2026-04-23T08:22:16","slug":"am-i-eligible","status":"publish","type":"page","link":"https:\/\/chonquer.com\/pt-br\/am-i-eligible\/","title":{"rendered":"Eligibilidade e ferramenta de localiza\u00e7\u00e3o de centros de pesquisa cl\u00ednica\u202f"},"content":{"rendered":"<div data-elementor-type=\"wp-page\" data-elementor-id=\"21\" class=\"elementor elementor-21\" data-elementor-post-type=\"page\">\n\t\t\t\t<div class=\"elementor-element elementor-element-9382481 header-background e-flex e-con-boxed e-con e-parent\" data-id=\"9382481\" data-element_type=\"container\" data-e-type=\"container\" data-settings=\"{&quot;background_background&quot;:&quot;classic&quot;}\">\n\t\t\t\t\t<div class=\"e-con-inner\">\n\t\t<div class=\"elementor-element elementor-element-ae4ce38 e-flex e-con-boxed e-con e-child\" data-id=\"ae4ce38\" data-element_type=\"container\" data-e-type=\"container\">\n\t\t\t\t\t<div class=\"e-con-inner\">\n\t\t\t\t<div class=\"elementor-element elementor-element-c3e8c5b elementor-widget elementor-widget-heading\" data-id=\"c3e8c5b\" data-element_type=\"widget\" data-e-type=\"widget\" data-widget_type=\"heading.default\">\n\t\t\t\t<div class=\"elementor-widget-container\">\n\t\t\t\t\t<h1 class=\"elementor-heading-title elementor-size-default\">Sou eleg\u00edvel para participar?<\/h1>\t\t\t\t<\/div>\n\t\t\t\t<\/div>\n\t\t\t\t<div class=\"elementor-element elementor-element-db959d8 elementor-widget__width-initial elementor-widget elementor-widget-text-editor\" data-id=\"db959d8\" data-element_type=\"widget\" data-e-type=\"widget\" data-widget_type=\"text-editor.default\">\n\t\t\t\t<div class=\"elementor-widget-container\">\n\t\t\t\t\t\t\t\t\tSe voc\u00ea deseja participar do estudo CHONQUER, verifique os crit\u00e9rios de elegibilidade listados abaixo para ver se voc\u00ea pode se qualificar.\t\t\t\t\t\t\t\t<\/div>\n\t\t\t\t<\/div>\n\t\t\t\t\t<\/div>\n\t\t\t\t<\/div>\n\t\t<div class=\"elementor-element elementor-element-290aac1 e-flex e-con-boxed e-con e-child\" data-id=\"290aac1\" data-element_type=\"container\" data-e-type=\"container\">\n\t\t\t\t\t<div class=\"e-con-inner\">\n\t\t\t\t\t<\/div>\n\t\t\t\t<\/div>\n\t\t\t\t\t<\/div>\n\t\t\t\t<\/div>\n\t\t<div class=\"elementor-element elementor-element-2187700 e-flex e-con-boxed e-con e-parent\" data-id=\"2187700\" data-element_type=\"container\" data-e-type=\"container\">\n\t\t\t\t\t<div class=\"e-con-inner\">\n\t\t<div class=\"elementor-element elementor-element-28de590 e-con-full e-flex e-con e-child\" data-id=\"28de590\" data-element_type=\"container\" data-e-type=\"container\">\n\t\t\t\t<div class=\"elementor-element elementor-element-7cd40ae elementor-widget elementor-widget-heading\" data-id=\"7cd40ae\" data-element_type=\"widget\" data-e-type=\"widget\" data-widget_type=\"heading.default\">\n\t\t\t\t<div class=\"elementor-widget-container\">\n\t\t\t\t\t<h2 class=\"elementor-heading-title elementor-size-default\">Quem pode participar do estudo CHONQUER?\u202f\u202f\u00a0\u00a0<\/h2>\t\t\t\t<\/div>\n\t\t\t\t<\/div>\n\t\t\t\t<div class=\"elementor-element elementor-element-ee5e4f7 elementor-widget elementor-widget-text-editor\" data-id=\"ee5e4f7\" data-element_type=\"widget\" data-e-type=\"widget\" data-widget_type=\"text-editor.default\">\n\t\t\t\t<div class=\"elementor-widget-container\">\n\t\t\t\t\t\t\t\t\tVoc\u00ea pode ser eleg\u00edvel se:\t\t\t\t\t\t\t\t<\/div>\n\t\t\t\t<\/div>\n\t\t\t\t<\/div>\n\t\t<div class=\"elementor-element elementor-element-d1ab6c8 e-con-full e-flex e-con e-child\" data-id=\"d1ab6c8\" data-element_type=\"container\" data-e-type=\"container\">\n\t\t<div class=\"elementor-element elementor-element-1c58884 e-con-full e-flex e-con e-child\" data-id=\"1c58884\" data-element_type=\"container\" data-e-type=\"container\">\n\t\t\t\t<div class=\"elementor-element elementor-element-a1a1c8d elementor-icon-list--layout-traditional elementor-list-item-link-full_width elementor-widget elementor-widget-icon-list\" data-id=\"a1a1c8d\" data-element_type=\"widget\" data-e-type=\"widget\" data-widget_type=\"icon-list.default\">\n\t\t\t\t<div class=\"elementor-widget-container\">\n\t\t\t\t\t<style>.elementor-element-a1a1c8d{display:none !important}<\/style>\t\t\t\t<\/div>\n\t\t\t\t<\/div>\n\t\t\t\t<div class=\"elementor-element elementor-element-e39c878 elementor-icon-list--layout-traditional elementor-list-item-link-full_width elementor-widget elementor-widget-icon-list\" data-id=\"e39c878\" data-element_type=\"widget\" data-e-type=\"widget\" data-widget_type=\"icon-list.default\">\n\t\t\t\t<div class=\"elementor-widget-container\">\n\t\t\t\t\t<style>.elementor-element-e39c878{display:none !important}<\/style>\t\t\t\t<\/div>\n\t\t\t\t<\/div>\n\t\t\t\t<div class=\"elementor-element elementor-element-6696074 elementor-icon-list--layout-traditional elementor-list-item-link-full_width elementor-widget elementor-widget-icon-list\" data-id=\"6696074\" data-element_type=\"widget\" data-e-type=\"widget\" data-widget_type=\"icon-list.default\">\n\t\t\t\t<div class=\"elementor-widget-container\">\n\t\t\t\t\t<style>.elementor-element-6696074{display:none !important}<\/style>\t\t\t\t<\/div>\n\t\t\t\t<\/div>\n\t\t\t\t<div class=\"elementor-element elementor-element-1356156 elementor-icon-list--layout-traditional elementor-list-item-link-full_width elementor-widget elementor-widget-icon-list\" data-id=\"1356156\" data-element_type=\"widget\" data-e-type=\"widget\" data-widget_type=\"icon-list.default\">\n\t\t\t\t<div class=\"elementor-widget-container\">\n\t\t\t\t\t\t\t<ul class=\"elementor-icon-list-items\">\n\t\t\t\t\t\t\t<li class=\"elementor-icon-list-item\">\n\t\t\t\t\t\t\t\t\t\t\t<span class=\"elementor-icon-list-icon\">\n\t\t\t\t\t\t\t<svg xmlns=\"http:\/\/www.w3.org\/2000\/svg\" width=\"44\" height=\"44\" viewbox=\"0 0 44 44\" fill=\"none\"><path d=\"M23.6289 13.52H24.6649V32H21.6969V17.02L17.9449 18.224L17.2169 15.62L23.6289 13.52Z\" fill=\"#E95C4B\"><\/path><circle cx=\"22\" cy=\"22\" r=\"20.5\" stroke=\"#E95C4B\" stroke-width=\"3\"><\/circle><\/svg>\t\t\t\t\t\t<\/span>\n\t\t\t\t\t\t\t\t\t\t<span class=\"elementor-icon-list-text\">Tem 18 anos ou mais <\/span>\n\t\t\t\t\t\t\t\t\t<\/li>\n\t\t\t\t\t\t\t\t<li class=\"elementor-icon-list-item\">\n\t\t\t\t\t\t\t\t\t\t\t<span class=\"elementor-icon-list-icon\">\n\t\t\t\t\t\t\t<svg xmlns=\"http:\/\/www.w3.org\/2000\/svg\" width=\"44\" height=\"44\" viewbox=\"0 0 44 44\" fill=\"none\"><path d=\"M20.7083 29.424H28.5203V32H15.2763V31.328L21.8563 24.244C23.9003 22.088 24.7963 20.744 24.7963 19.176C24.7963 17.3 23.5923 15.928 21.7163 15.928C19.8403 15.928 18.5803 17.384 18.5803 19.288C18.5803 19.68 18.6363 20.156 18.7203 20.716H15.7243C15.5843 20.212 15.5283 19.68 15.5283 19.12C15.5283 16.096 17.9643 13.212 21.7443 13.212C25.2723 13.212 27.8763 15.704 27.8763 18.952C27.8763 20.212 27.5403 21.36 26.8683 22.396C26.2243 23.432 25.2443 24.608 23.9563 25.98L20.7083 29.424Z\" fill=\"#E95C4B\"><\/path><circle cx=\"22\" cy=\"22\" r=\"20.5\" stroke=\"#E95C4B\" stroke-width=\"3\"><\/circle><\/svg>\t\t\t\t\t\t<\/span>\n\t\t\t\t\t\t\t\t\t\t<span class=\"elementor-icon-list-text\">Tem <span class=\"tooltip2\" style=\"color: #000\">condrossarcoma convencional \u24d8<span class=\"tooltiptext2\">A doen\u00e7a se espalhou al\u00e9m de sua localiza\u00e7\u00e3o original, mas n\u00e3o alcan\u00e7ou partes distantes do corpo. <\/span><\/span> &nbsp;<span class=\"tooltip2 add-space\" style=\"color: #000\">localmente avan\u00e7ado\u24d8<span class=\"tooltiptext2 add-position-2\">A doen\u00e7a se espalhou de seu local original para outras partes do corpo. <\/span><\/span>ou <span class=\"tooltip2\" style=\"color: #000\">metast\u00e1tico\u24d8<span class=\"tooltiptext2 add-position-3\">Um tipo de c\u00e2ncer que come\u00e7a na cartilagem, que \u00e9 o tecido resistente e flex\u00edvel que ajuda a amortecer as articula\u00e7\u00f5es e suporta v\u00e1rias estruturas no corpo. Em termos mais simples, \u00e9 um c\u00e2ncer que se forma nas c\u00e9lulas da cartilagem. Esse tipo de c\u00e2ncer cresce lentamente e pode causar dor e incha\u00e7o na \u00e1rea afetada. \u00c9 mais comumente encontrado nos ossos dos bra\u00e7os, pernas e pelve. <\/span><\/span>. <\/span>\n\t\t\t\t\t\t\t\t\t<\/li>\n\t\t\t\t\t\t\t\t<li class=\"elementor-icon-list-item\">\n\t\t\t\t\t\t\t\t\t\t\t<span class=\"elementor-icon-list-icon\">\n\t\t\t\t\t\t\t<svg xmlns=\"http:\/\/www.w3.org\/2000\/svg\" width=\"44\" height=\"44\" viewbox=\"0 0 44 44\" fill=\"none\"><path d=\"M28.2304 26.064C28.2304 29.816 25.1224 32.308 21.4824 32.308C18.4864 32.308 16.2184 30.684 14.9864 28.304L17.0584 26.848C18.1784 28.556 19.4944 29.592 21.3984 29.592C23.6104 29.592 25.1784 28.192 25.1784 26.092C25.1784 23.992 23.6384 22.844 20.9224 22.844H18.8784V22.032L23.1904 16.236H16.3024V13.52H27.8104V14.332L23.3304 20.38C24.7024 20.604 25.8504 21.22 26.8024 22.2C27.7544 23.18 28.2304 24.468 28.2304 26.064Z\" fill=\"#E95C4B\"><\/path><circle cx=\"22\" cy=\"22\" r=\"20.5\" stroke=\"#E95C4B\" stroke-width=\"3\"><\/circle><\/svg>\t\t\t\t\t\t<\/span>\n\t\t\t\t\t\t\t\t\t\t<span class=\"elementor-icon-list-text\">Tem um tumor com uma muta\u00e7\u00e3o gen\u00e9tica espec\u00edfica (IDH1) <\/span>\n\t\t\t\t\t\t\t\t\t<\/li>\n\t\t\t\t\t\t<\/ul>\n\t\t\t\t\t\t<\/div>\n\t\t\t\t<\/div>\n\t\t\t\t<\/div>\n\t\t<div class=\"elementor-element elementor-element-38fdcb0 e-con-full e-flex e-con e-child\" data-id=\"38fdcb0\" data-element_type=\"container\" data-e-type=\"container\">\n\t\t\t\t<div class=\"elementor-element elementor-element-1525351 elementor-absolute elementor-widget elementor-widget-image\" data-id=\"1525351\" data-element_type=\"widget\" data-e-type=\"widget\" data-settings=\"{&quot;_position&quot;:&quot;absolute&quot;}\" data-widget_type=\"image.default\">\n\t\t\t\t<div class=\"elementor-widget-container\">\n\t\t\t\t\t\t\t\t\t\t\t\t\t\t\t<img decoding=\"async\" width=\"92\" height=\"112\" src=\"https:\/\/chonquer.com\/wp-content\/uploads\/2025\/02\/g4485.svg\" class=\"attachment-full size-full wp-image-126\" alt=\"Note\" \/>\t\t\t\t\t\t\t\t\t\t\t\t\t\t\t<\/div>\n\t\t\t\t<\/div>\n\t\t<div class=\"elementor-element elementor-element-ecd21f8 e-con-full gradient e-flex e-con e-child\" data-id=\"ecd21f8\" data-element_type=\"container\" data-e-type=\"container\">\n\t\t\t\t<div class=\"elementor-element elementor-element-ea360e2 elementor-widget elementor-widget-text-editor\" data-id=\"ea360e2\" data-element_type=\"widget\" data-e-type=\"widget\" data-widget_type=\"text-editor.default\">\n\t\t\t\t<div class=\"elementor-widget-container\">\n\t\t\t\t\t\t\t\t\t<p>Observe que outros crit\u00e9rios ser\u00e3o avaliados durante o processo de triagem para confirmar a elegibilidade.<\/p>\t\t\t\t\t\t\t\t<\/div>\n\t\t\t\t<\/div>\n\t\t\t\t<\/div>\n\t\t\t\t<\/div>\n\t\t\t\t<\/div>\n\t\t<div class=\"elementor-element elementor-element-1e4a120 e-con-full e-flex e-con e-child\" data-id=\"1e4a120\" data-element_type=\"container\" data-e-type=\"container\">\n\t\t\t\t<div class=\"elementor-element elementor-element-22109ca elementor-widget elementor-widget-text-editor\" data-id=\"22109ca\" data-element_type=\"widget\" data-e-type=\"widget\" data-widget_type=\"text-editor.default\">\n\t\t\t\t<div class=\"elementor-widget-container\">\n\t\t\t\t\t\t\t\t\tSe tiver d\u00favidas sobre como participar deste estudo, compartilhe essas informa\u00e7\u00f5es com seu m\u00e9dico de aten\u00e7\u00e3o prim\u00e1ria, cl\u00ednico geral ou oncologista, para discutir se este estudo \u00e9 adequado para voc\u00ea.\t\t\t\t\t\t\t\t<\/div>\n\t\t\t\t<\/div>\n\t\t\t\t<\/div>\n\t\t\t\t\t<\/div>\n\t\t\t\t<\/div>\n\t\t<div class=\"elementor-element elementor-element-e48623d e-flex e-con-boxed e-con e-parent\" data-id=\"e48623d\" data-element_type=\"container\" data-e-type=\"container\" id=\"sitefinder\">\n\t\t\t\t\t<div class=\"e-con-inner\">\n\t\t<div class=\"elementor-element elementor-element-b285936 e-flex e-con-boxed e-con e-child\" data-id=\"b285936\" data-element_type=\"container\" data-e-type=\"container\">\n\t\t\t\t\t<div class=\"e-con-inner\">\n\t\t\t\t<div class=\"elementor-element elementor-element-d157d0c elementor-widget elementor-widget-heading\" data-id=\"d157d0c\" data-element_type=\"widget\" data-e-type=\"widget\" data-widget_type=\"heading.default\">\n\t\t\t\t<div class=\"elementor-widget-container\">\n\t\t\t\t\t<h2 class=\"elementor-heading-title elementor-size-default\">Encontre um centro de pesquisa mais pr\u00f3ximo de voc\u00ea\u202f<\/h2>\t\t\t\t<\/div>\n\t\t\t\t<\/div>\n\t\t\t\t<div class=\"elementor-element elementor-element-20b6d90 elementor-widget elementor-widget-text-editor\" data-id=\"20b6d90\" data-element_type=\"widget\" data-e-type=\"widget\" data-widget_type=\"text-editor.default\">\n\t\t\t\t<div class=\"elementor-widget-container\">\n\t\t\t\t\t\t\t\t\tO estudo CHONQUER est\u00e1 ocorrendo em v\u00e1rios centros de estudo em todo o mundo.\u202f \n\t\t\t\t\t\t\t\t<\/div>\n\t\t\t\t<\/div>\n\t\t\t\t<div class=\"elementor-element elementor-element-1b76443 elementor-widget elementor-widget-text-editor\" data-id=\"1b76443\" data-element_type=\"widget\" data-e-type=\"widget\" data-widget_type=\"text-editor.default\">\n\t\t\t\t<div class=\"elementor-widget-container\">\n\t\t\t\t\t\t\t\t\tPara encontrar o centro de pesquisa mais pr\u00f3ximo, acesse nossa Ferramenta de localiza\u00e7\u00e3o de centros de pesquisa se for diagnosticado com condrossarcoma convencional.\u202f \n\t\t\t\t\t\t\t\t<\/div>\n\t\t\t\t<\/div>\n\t\t\t\t\t<\/div>\n\t\t\t\t<\/div>\n\t\t<div class=\"elementor-element elementor-element-683b9af e-flex e-con-boxed e-con e-child\" data-id=\"683b9af\" data-element_type=\"container\" data-e-type=\"container\">\n\t\t\t\t\t<div class=\"e-con-inner\">\n\t\t\t\t<div class=\"elementor-element elementor-element-fbac95e elementor-widget elementor-widget-shortcode\" data-id=\"fbac95e\" data-element_type=\"widget\" data-e-type=\"widget\" data-widget_type=\"shortcode.default\">\n\t\t\t\t<div class=\"elementor-widget-container\">\n\t\t\t\t\t\t\t<div class=\"elementor-shortcode\">\n\n\n\n\n\n\n\n\n\n\n\n\n\n\n\n\n\n\n\n\n\n\n\n\n\n\n\n\n\n\n <style>\r\n\t#wpsl-stores .wpsl-store-thumb {height:45px !important; width:45px !important;}\r\n\t#wpsl-stores, #wpsl-direction-details, #wpsl-gmap {height:650px !important;}\r\n\t#wpsl-gmap .wpsl-info-window {max-width:250px !important;}\r\n\t.wpsl-input label, #wpsl-radius label, #wpsl-category label {width:200px;}\r\n\t#wpsl-search-input  {width:200px;}\r\n<\/style>\r\n<div id=\"wpsl-wrap\">\r\n\t<div class=\"wpsl-search wpsl-clearfix wpsl-no-filters\">\r\n\t\t<div id=\"wpsl-search-wrap\">\r\n\t\t\t<form autocomplete=\"off\" action=\"\">\r\n\t\t\t<div class=\"wpsl-input\">\r\n\t\t\t\t<div><label for=\"wpsl-search-input\">C\u00f3digo postal<\/label><\/div>\r\n\t\t\t\t<input id=\"wpsl-search-input\" type=\"text\" value=\"\" name=\"wpsl-search-input\" placeholder=\"\" aria-required=\"true\" \/>\r\n\t\t\t<\/div>\r\n\t\t\t\t<div class=\"wpsl-search-btn-wrap\"><input id=\"wpsl-search-btn\" type=\"submit\" value=\"Pesquisar\"><\/div>\r\n\t\t<input type=\"hidden\" name=\"trp-form-language\" value=\"pt-br\"\/><\/form>\r\n\t\t<\/div>\r\n\t<\/div>\r\n\t<div id=\"wpsl-gmap\" class=\"wpsl-gmap-canvas\"><\/div>\r\n\t<div id=\"wpsl-result-list\">\r\n\t\t<div id=\"wpsl-stores\" >\r\n\t\t\t<ul><\/ul>\r\n\t\t<\/div>\r\n\t\t<div id=\"wpsl-direction-details\">\r\n\t\t\t<ul><\/ul>\r\n\t\t<\/div>\r\n\t<\/div>\r\n<\/div>\r\n \n\n<\/div>\n\t\t\t\t\t\t<\/div>\n\t\t\t\t<\/div>\n\t\t\t\t<div class=\"elementor-element elementor-element-452a79f elementor-widget elementor-widget-button\" data-id=\"452a79f\" data-element_type=\"widget\" data-e-type=\"widget\" data-widget_type=\"button.default\">\n\t\t\t\t<div class=\"elementor-widget-container\">\n\t\t\t\t\t\t\t\t\t<div class=\"elementor-button-wrapper\">\n\t\t\t\t\t<a class=\"elementor-button elementor-button-link elementor-size-sm\" href=\"https:\/\/www.clinicaltrials.gov\/study\/NCT06127407?term=chonquer&#038;rank=1\" target=\"_blank\" rel=\"noopener\">\n\t\t\t\t\t\t<span class=\"elementor-button-content-wrapper\">\n\t\t\t\t\t\t\t\t\t<span class=\"elementor-button-text\">Saiba mais<\/span>\n\t\t\t\t\t<\/span>\n\t\t\t\t\t<\/a>\n\t\t\t\t<\/div>\n\t\t\t\t\t\t\t\t<\/div>\n\t\t\t\t<\/div>\n\t\t\t\t\t<\/div>\n\t\t\t\t<\/div>\n\t\t\t\t\t<\/div>\n\t\t\t\t<\/div>\n\t\t\t\t<\/div>","protected":false},"excerpt":{"rendered":"<p>Am I eligible to participate? If you wish to take part in the CHONQUER Study, check the eligibility criteria listed below to see if you may qualify. Who can take part in the CHONQUER study?\u00a0\u00a0 You may be eligible if you: Are 18 years old or older Have locally advanced or metastatic conventional chondrosarcoma Have [&hellip;]<\/p>\n","protected":false},"author":2,"featured_media":0,"parent":0,"menu_order":0,"comment_status":"closed","ping_status":"closed","template":"","meta":{"footnotes":""},"class_list":["post-21","page","type-page","status-publish","hentry"],"_links":{"self":[{"href":"https:\/\/chonquer.com\/pt-br\/wp-json\/wp\/v2\/pages\/21","targetHints":{"allow":["GET"]}}],"collection":[{"href":"https:\/\/chonquer.com\/pt-br\/wp-json\/wp\/v2\/pages"}],"about":[{"href":"https:\/\/chonquer.com\/pt-br\/wp-json\/wp\/v2\/types\/page"}],"author":[{"embeddable":true,"href":"https:\/\/chonquer.com\/pt-br\/wp-json\/wp\/v2\/users\/2"}],"replies":[{"embeddable":true,"href":"https:\/\/chonquer.com\/pt-br\/wp-json\/wp\/v2\/comments?post=21"}],"version-history":[{"count":0,"href":"https:\/\/chonquer.com\/pt-br\/wp-json\/wp\/v2\/pages\/21\/revisions"}],"wp:attachment":[{"href":"https:\/\/chonquer.com\/pt-br\/wp-json\/wp\/v2\/media?parent=21"}],"curies":[{"name":"wp","href":"https:\/\/api.w.org\/{rel}","templated":true}]}}