{"id":176,"date":"2025-02-19T14:44:14","date_gmt":"2025-02-19T14:44:14","guid":{"rendered":"https:\/\/stgchonquer.wpenginepowered.com\/?page_id=176"},"modified":"2025-10-02T13:34:54","modified_gmt":"2025-10-02T13:34:54","slug":"data-privacy-policy","status":"publish","type":"page","link":"https:\/\/chonquer.com\/fr-fr\/data-privacy-policy\/","title":{"rendered":"POLITIQUE DE CONFIDENTIALIT\u00c9 DES DONN\u00c9ES"},"content":{"rendered":"<div data-elementor-type=\"wp-page\" data-elementor-id=\"176\" class=\"elementor elementor-176\" data-elementor-post-type=\"page\">\n\t\t\t\t<div class=\"elementor-element elementor-element-2e00239 e-flex e-con-boxed e-con e-parent\" data-id=\"2e00239\" data-element_type=\"container\" data-e-type=\"container\" data-settings=\"{&quot;background_background&quot;:&quot;classic&quot;}\">\n\t\t\t\t\t<div class=\"e-con-inner\">\n\t\t<div class=\"elementor-element elementor-element-8b669b5 e-con-full e-flex e-con e-child\" data-id=\"8b669b5\" data-element_type=\"container\" data-e-type=\"container\">\n\t\t<div class=\"elementor-element elementor-element-5ad0a75 e-con-full e-flex e-con e-child\" data-id=\"5ad0a75\" data-element_type=\"container\" data-e-type=\"container\">\n\t\t\t\t<div class=\"elementor-element elementor-element-9a41c03 elementor-widget elementor-widget-heading\" data-id=\"9a41c03\" data-element_type=\"widget\" data-e-type=\"widget\" data-widget_type=\"heading.default\">\n\t\t\t\t<div class=\"elementor-widget-container\">\n\t\t\t\t\t<h1 class=\"elementor-heading-title elementor-size-default\">POLITIQUE DE CONFIDENTIALIT\u00c9 DES DONN\u00c9ES<\/h1>\t\t\t\t<\/div>\n\t\t\t\t<\/div>\n\t\t\t\t<\/div>\n\t\t<div class=\"elementor-element elementor-element-047d9ff e-con-full e-flex e-con e-child\" data-id=\"047d9ff\" data-element_type=\"container\" data-e-type=\"container\">\n\t\t\t\t<\/div>\n\t\t\t\t<\/div>\n\t\t\t\t\t<\/div>\n\t\t\t\t<\/div>\n\t\t<div class=\"elementor-element elementor-element-1d05660 e-flex e-con-boxed e-con e-parent\" data-id=\"1d05660\" data-element_type=\"container\" data-e-type=\"container\">\n\t\t\t\t\t<div class=\"e-con-inner\">\n\t\t\t\t<div class=\"elementor-element elementor-element-dbd9f79 elementor-widget elementor-widget-text-editor\" data-id=\"dbd9f79\" data-element_type=\"widget\" data-e-type=\"widget\" data-widget_type=\"text-editor.default\">\n\t\t\t\t<div class=\"elementor-widget-container\">\n\t\t\t\t\t\t\t\t\tDerni\u00e8re mise \u00e0 jour\u202f: 3 janvier 2025 <br>\nVersion\u202f: 1.0\u202f\u00a0\t\t\t\t\t\t\t\t<\/div>\n\t\t\t\t<\/div>\n\t\t\t\t<div class=\"elementor-element elementor-element-a025d66 elementor-widget elementor-widget-text-editor\" data-id=\"a025d66\" data-element_type=\"widget\" data-e-type=\"widget\" data-widget_type=\"text-editor.default\">\n\t\t\t\t<div class=\"elementor-widget-container\">\n\t\t\t\t\t\t\t\t\tLa pr\u00e9sente politique peut \u00eatre modifi\u00e9e par l\u2019entit\u00e9 SERVIER en charge de la mise en \u0153uvre du site Web, notamment pour tenir compte des modifications apport\u00e9es \u00e0 la loi applicable et de nos activit\u00e9s. Toute modification sera publi\u00e9e sur cette page, que nous vous invitons \u00e0 consulter r\u00e9guli\u00e8rement.\u202f\u00a0\t\t\t\t\t\t\t\t<\/div>\n\t\t\t\t<\/div>\n\t\t\t\t\t<\/div>\n\t\t\t\t<\/div>\n\t\t<div class=\"elementor-element elementor-element-fbb5fde e-flex e-con-boxed e-con e-child\" data-id=\"fbb5fde\" data-element_type=\"container\" data-e-type=\"container\">\n\t\t\t\t\t<div class=\"e-con-inner\">\n\t\t\t\t<div class=\"elementor-element elementor-element-bd6660e elementor-absolute elementor-widget elementor-widget-image\" data-id=\"bd6660e\" data-element_type=\"widget\" data-e-type=\"widget\" data-settings=\"{&quot;_position&quot;:&quot;absolute&quot;}\" data-widget_type=\"image.default\">\n\t\t\t\t<div class=\"elementor-widget-container\">\n\t\t\t\t\t\t\t\t\t\t\t\t\t\t\t<img decoding=\"async\" width=\"92\" height=\"112\" src=\"https:\/\/chonquer.com\/wp-content\/uploads\/2025\/02\/g4485.svg\" class=\"attachment-full size-full wp-image-126\" alt=\"Note\" \/>\t\t\t\t\t\t\t\t\t\t\t\t\t\t\t<\/div>\n\t\t\t\t<\/div>\n\t\t<div class=\"elementor-element elementor-element-066a8e8 e-con-full gradient e-flex e-con e-child\" data-id=\"066a8e8\" data-element_type=\"container\" data-e-type=\"container\">\n\t\t\t\t<div class=\"elementor-element elementor-element-a8d20a2 elementor-widget elementor-widget-text-editor\" data-id=\"a8d20a2\" data-element_type=\"widget\" data-e-type=\"widget\" data-widget_type=\"text-editor.default\">\n\t\t\t\t<div class=\"elementor-widget-container\">\n\t\t\t\t\t<style>.elementor-element-a8d20a2{display:none !important}<\/style>\t\t\t\t<\/div>\n\t\t\t\t<\/div>\n\t\t\t\t<div class=\"elementor-element elementor-element-5fe3a7f elementor-widget elementor-widget-text-editor\" data-id=\"5fe3a7f\" data-element_type=\"widget\" data-e-type=\"widget\" data-widget_type=\"text-editor.default\">\n\t\t\t\t<div class=\"elementor-widget-container\">\n\t\t\t\t\t<style>.elementor-element-5fe3a7f{display:none !important}<\/style>\t\t\t\t<\/div>\n\t\t\t\t<\/div>\n\t\t\t\t<div class=\"elementor-element elementor-element-f0465a7 elementor-widget elementor-widget-text-editor\" data-id=\"f0465a7\" data-element_type=\"widget\" data-e-type=\"widget\" data-widget_type=\"text-editor.default\">\n\t\t\t\t<div class=\"elementor-widget-container\">\n\t\t\t\t\t\t\t\t\t<p><span class=\"note-weight\">Objectif de la pr\u00e9sente politique de confidentialit\u00e9 des donn\u00e9es (la \u00ab\u202fpolitique\u202f\u00bb)\u202f:<\/span> la pr\u00e9sente politique vise \u00e0 fournir des informations claires et transparentes sur la fa\u00e7on dont vos donn\u00e9es \u00e0 caract\u00e8re personnel sont trait\u00e9es dans le cadre de votre utilisation de notre site Web \u00ab\u202fwww.chonquer.com\u202f\u00bb et\/ou de vos interactions avec nous. Veuillez noter que ce site Web ne collecte aucune donn\u00e9e \u00e0 caract\u00e8re personnel.\u202f<\/p><p>La pr\u00e9sente politique ne d\u00e9crit pas le traitement effectu\u00e9 via les cookies utilis\u00e9s sur notre site Web. Pour en savoir plus, veuillez consulter notre <a class=\"orange-links\" href=\"\/fr-fr\/cookies-policy\/\">politique relative aux cookies<\/a>.<\/p>\t\t\t\t\t\t\t\t<\/div>\n\t\t\t\t<\/div>\n\t\t\t\t<div class=\"elementor-element elementor-element-c69790f elementor-widget elementor-widget-text-editor\" data-id=\"c69790f\" data-element_type=\"widget\" data-e-type=\"widget\" data-widget_type=\"text-editor.default\">\n\t\t\t\t<div class=\"elementor-widget-container\">\n\t\t\t\t\t<style>.elementor-element-c69790f{display:none !important}<\/style>\t\t\t\t<\/div>\n\t\t\t\t<\/div>\n\t\t\t\t<div class=\"elementor-element elementor-element-8c7ab3b elementor-widget elementor-widget-text-editor\" data-id=\"8c7ab3b\" data-element_type=\"widget\" data-e-type=\"widget\" data-widget_type=\"text-editor.default\">\n\t\t\t\t<div class=\"elementor-widget-container\">\n\t\t\t\t\t<style>.elementor-element-8c7ab3b{display:none !important}<\/style>\t\t\t\t<\/div>\n\t\t\t\t<\/div>\n\t\t\t\t<\/div>\n\t\t\t\t\t<\/div>\n\t\t\t\t<\/div>\n\t\t\t\t<\/div>","protected":false},"excerpt":{"rendered":"<p>Data Privacy Policy Last update: 03-Jan-2025 Version: 1.0\u00a0This Policy may be modified by the SERVIER entity in charge of implementing the website, in particular to take into account changes in applicable law and our activities. Any changes will be posted on this page, which we invite you to consult regularly.\u00a0 Purpose of this Data Privacy [&hellip;]<\/p>\n","protected":false},"author":3,"featured_media":0,"parent":0,"menu_order":0,"comment_status":"closed","ping_status":"closed","template":"","meta":{"footnotes":""},"class_list":["post-176","page","type-page","status-publish","hentry"],"_links":{"self":[{"href":"https:\/\/chonquer.com\/fr-fr\/wp-json\/wp\/v2\/pages\/176","targetHints":{"allow":["GET"]}}],"collection":[{"href":"https:\/\/chonquer.com\/fr-fr\/wp-json\/wp\/v2\/pages"}],"about":[{"href":"https:\/\/chonquer.com\/fr-fr\/wp-json\/wp\/v2\/types\/page"}],"author":[{"embeddable":true,"href":"https:\/\/chonquer.com\/fr-fr\/wp-json\/wp\/v2\/users\/3"}],"replies":[{"embeddable":true,"href":"https:\/\/chonquer.com\/fr-fr\/wp-json\/wp\/v2\/comments?post=176"}],"version-history":[{"count":0,"href":"https:\/\/chonquer.com\/fr-fr\/wp-json\/wp\/v2\/pages\/176\/revisions"}],"wp:attachment":[{"href":"https:\/\/chonquer.com\/fr-fr\/wp-json\/wp\/v2\/media?parent=176"}],"curies":[{"name":"wp","href":"https:\/\/api.w.org\/{rel}","templated":true}]}}